{"id":17,"date":"2026-03-27T15:47:14","date_gmt":"2026-03-27T18:47:14","guid":{"rendered":"https:\/\/galeriavip.com.br\/?page_id=17"},"modified":"2026-03-27T15:47:14","modified_gmt":"2026-03-27T18:47:14","slug":"sobre-nos","status":"publish","type":"page","link":"https:\/\/galeriavip.com.br\/?page_id=17","title":{"rendered":"Sobre N\u00f3s"},"content":{"rendered":"\n<p><strong>Sobre N\u00f3s \u2013 Galeria Vip<\/strong><\/p>\n\n\n\n<p>O Galeria Vip \u00e9 um blog especializado em an\u00e1lises de produtos, com foco em qualidade, confiabilidade e transpar\u00eancia.<\/p>\n\n\n\n<p>Nosso objetivo \u00e9 ajudar voc\u00ea a tomar decis\u00f5es de compra mais seguras, apresentando:<\/p>\n\n\n\n<ul class=\"wp-block-list\">\n<li>Avalia\u00e7\u00f5es detalhadas<\/li>\n\n\n\n<li>Compara\u00e7\u00f5es entre produtos<\/li>\n\n\n\n<li>An\u00e1lise de custo-benef\u00edcio<\/li>\n\n\n\n<li>Opini\u00f5es baseadas em experi\u00eancias reais de usu\u00e1rios<\/li>\n<\/ul>\n\n\n\n<p>Trabalhamos com produtos de diversas categorias, sempre priorizando:<br>\u2714 Qualidade<br>\u2714 Proced\u00eancia de marcas<br>\u2714 Avalia\u00e7\u00f5es reais<br>\u2714 Reputa\u00e7\u00e3o do produto<\/p>\n\n\n\n<h2 class=\"wp-block-heading\">Modelo de Neg\u00f3cio<\/h2>\n\n\n\n<p>O Galeria Vip atua como afiliado, ou seja, podemos receber comiss\u00f5es por indica\u00e7\u00f5es de produtos.<\/p>\n\n\n\n<p>Isso N\u00c3O influencia nossas an\u00e1lises \u2014 prezamos pela honestidade acima de tudo.<\/p>\n\n\n\n<h2 class=\"wp-block-heading\">Miss\u00e3o<\/h2>\n\n\n\n<p>Levar informa\u00e7\u00e3o clara, objetiva e confi\u00e1vel para que voc\u00ea compre melhor e com mais seguran\u00e7a.<\/p>\n\n\n\n<h2 class=\"wp-block-heading\">Contato<\/h2>\n\n\n\n<p>galeiravip.com.br<\/p>\n","protected":false},"excerpt":{"rendered":"<p>Sobre N\u00f3s \u2013 Galeria Vip O Galeria Vip \u00e9 um blog especializado em an\u00e1lises de produtos, com foco em qualidade,<\/p>\n","protected":false},"author":1,"featured_media":0,"parent":0,"menu_order":0,"comment_status":"closed","ping_status":"closed","template":"","meta":{"footnotes":""},"class_list":["post-17","page","type-page","status-publish","hentry","comments-off"],"_links":{"self":[{"href":"https:\/\/galeriavip.com.br\/index.php?rest_route=\/wp\/v2\/pages\/17","targetHints":{"allow":["GET"]}}],"collection":[{"href":"https:\/\/galeriavip.com.br\/index.php?rest_route=\/wp\/v2\/pages"}],"about":[{"href":"https:\/\/galeriavip.com.br\/index.php?rest_route=\/wp\/v2\/types\/page"}],"author":[{"embeddable":true,"href":"https:\/\/galeriavip.com.br\/index.php?rest_route=\/wp\/v2\/users\/1"}],"replies":[{"embeddable":true,"href":"https:\/\/galeriavip.com.br\/index.php?rest_route=%2Fwp%2Fv2%2Fcomments&post=17"}],"version-history":[{"count":1,"href":"https:\/\/galeriavip.com.br\/index.php?rest_route=\/wp\/v2\/pages\/17\/revisions"}],"predecessor-version":[{"id":18,"href":"https:\/\/galeriavip.com.br\/index.php?rest_route=\/wp\/v2\/pages\/17\/revisions\/18"}],"wp:attachment":[{"href":"https:\/\/galeriavip.com.br\/index.php?rest_route=%2Fwp%2Fv2%2Fmedia&parent=17"}],"curies":[{"name":"wp","href":"https:\/\/api.w.org\/{rel}","templated":true}]}}